{"id":26,"date":"2015-06-07T14:25:20","date_gmt":"2015-06-07T12:25:20","guid":{"rendered":"http:\/\/www.alia-institut.de\/wordpress\/?page_id=26"},"modified":"2018-05-28T08:55:27","modified_gmt":"2018-05-28T06:55:27","slug":"startseite","status":"publish","type":"page","link":"http:\/\/www.alia-institut.de\/wordpress\/","title":{"rendered":"Startseite"},"content":{"rendered":"<h3>Alia hei\u00dft \u00fcbersetzt: &#8222;Auf anderem Wege&#8220;<\/h3>\n<p>Das bedeutet f\u00fcr uns, erfolgreiches Lernen auf\u00a0anderen und individuellen Wegen zu vermitteln. Wir bauen die St\u00e4rken Ihres Kindes aus und beziehen Familie und Schule mit ein.<\/p>\n<p>Unter dem Dach des Alia-Institutes finden Sie\u00a0f\u00fcr alle Schulprobleme ein breit gef\u00e4chertes\u00a0Angebot an Hilfe und Beratung durch ein vielseitiges und kompetentes Team.<\/p>\n","protected":false},"excerpt":{"rendered":"<p>Alia hei\u00dft \u00fcbersetzt: &#8222;Auf anderem Wege&#8220; Das bedeutet f\u00fcr uns, erfolgreiches Lernen auf\u00a0anderen und individuellen Wegen zu vermitteln. Wir bauen die St\u00e4rken Ihres Kindes aus und beziehen Familie und Schule mit ein. Unter dem Dach des Alia-Institutes finden Sie\u00a0f\u00fcr alle Schulprobleme ein breit gef\u00e4chertes\u00a0Angebot an Hilfe und Beratung durch ein &#8230;<\/p>\n","protected":false},"author":1,"featured_media":0,"parent":0,"menu_order":0,"comment_status":"closed","ping_status":"closed","template":"","meta":{"footnotes":""},"class_list":["post-26","page","type-page","status-publish","hentry","column","threecol"],"_links":{"self":[{"href":"http:\/\/www.alia-institut.de\/wordpress\/wp-json\/wp\/v2\/pages\/26","targetHints":{"allow":["GET"]}}],"collection":[{"href":"http:\/\/www.alia-institut.de\/wordpress\/wp-json\/wp\/v2\/pages"}],"about":[{"href":"http:\/\/www.alia-institut.de\/wordpress\/wp-json\/wp\/v2\/types\/page"}],"author":[{"embeddable":true,"href":"http:\/\/www.alia-institut.de\/wordpress\/wp-json\/wp\/v2\/users\/1"}],"replies":[{"embeddable":true,"href":"http:\/\/www.alia-institut.de\/wordpress\/wp-json\/wp\/v2\/comments?post=26"}],"version-history":[{"count":39,"href":"http:\/\/www.alia-institut.de\/wordpress\/wp-json\/wp\/v2\/pages\/26\/revisions"}],"predecessor-version":[{"id":430,"href":"http:\/\/www.alia-institut.de\/wordpress\/wp-json\/wp\/v2\/pages\/26\/revisions\/430"}],"wp:attachment":[{"href":"http:\/\/www.alia-institut.de\/wordpress\/wp-json\/wp\/v2\/media?parent=26"}],"curies":[{"name":"wp","href":"https:\/\/api.w.org\/{rel}","templated":true}]}}