{"id":323,"date":"2017-11-09T19:06:26","date_gmt":"2017-11-09T18:06:26","guid":{"rendered":"http:\/\/www.alia-institut.de\/wordpress\/?page_id=323"},"modified":"2018-05-28T08:53:12","modified_gmt":"2018-05-28T06:53:12","slug":"fortbildung-sprech-und-stimmtraining","status":"publish","type":"page","link":"http:\/\/www.alia-institut.de\/wordpress\/fortbildung-sprech-und-stimmtraining\/","title":{"rendered":"Fortbildung Sprech-und Stimmtraining"},"content":{"rendered":"<h3>Geben Sie Ihrer Stimme Raum<\/h3>\n<p><a href=\"http:\/\/www.alia-institut.de\/wordpress\/wp-content\/uploads\/2017\/11\/BL2\u252c\u00aeanjapaap201702.jpg\"><img loading=\"lazy\" decoding=\"async\" class=\"alignnone size-medium wp-image-327\" src=\"http:\/\/www.alia-institut.de\/wordpress\/wp-content\/uploads\/2017\/11\/BL2\u252c\u00aeanjapaap201702-200x300.jpg\" alt=\"\" width=\"200\" height=\"300\" srcset=\"http:\/\/www.alia-institut.de\/wordpress\/wp-content\/uploads\/2017\/11\/BL2\u252c\u00aeanjapaap201702-200x300.jpg 200w, http:\/\/www.alia-institut.de\/wordpress\/wp-content\/uploads\/2017\/11\/BL2\u252c\u00aeanjapaap201702-768x1152.jpg 768w, http:\/\/www.alia-institut.de\/wordpress\/wp-content\/uploads\/2017\/11\/BL2\u252c\u00aeanjapaap201702-683x1024.jpg 683w, http:\/\/www.alia-institut.de\/wordpress\/wp-content\/uploads\/2017\/11\/BL2\u252c\u00aeanjapaap201702-700x1050.jpg 700w, http:\/\/www.alia-institut.de\/wordpress\/wp-content\/uploads\/2017\/11\/BL2\u252c\u00aeanjapaap201702-332x498.jpg 332w, http:\/\/www.alia-institut.de\/wordpress\/wp-content\/uploads\/2017\/11\/BL2\u252c\u00aeanjapaap201702.jpg 1417w\" sizes=\"auto, (max-width: 200px) 100vw, 200px\" \/><\/a><a href=\"http:\/\/www.alia-institut.de\/wordpress\/wp-content\/uploads\/2017\/11\/BL2\u252c\u00aeanjapaap201706.jpg\"><img loading=\"lazy\" decoding=\"async\" class=\"alignnone size-medium wp-image-316\" src=\"http:\/\/www.alia-institut.de\/wordpress\/wp-content\/uploads\/2017\/11\/BL2\u252c\u00aeanjapaap201706-200x300.jpg\" alt=\"\" width=\"200\" height=\"300\" srcset=\"http:\/\/www.alia-institut.de\/wordpress\/wp-content\/uploads\/2017\/11\/BL2\u252c\u00aeanjapaap201706-200x300.jpg 200w, http:\/\/www.alia-institut.de\/wordpress\/wp-content\/uploads\/2017\/11\/BL2\u252c\u00aeanjapaap201706-768x1152.jpg 768w, http:\/\/www.alia-institut.de\/wordpress\/wp-content\/uploads\/2017\/11\/BL2\u252c\u00aeanjapaap201706-683x1024.jpg 683w, http:\/\/www.alia-institut.de\/wordpress\/wp-content\/uploads\/2017\/11\/BL2\u252c\u00aeanjapaap201706-700x1050.jpg 700w, http:\/\/www.alia-institut.de\/wordpress\/wp-content\/uploads\/2017\/11\/BL2\u252c\u00aeanjapaap201706-332x498.jpg 332w, http:\/\/www.alia-institut.de\/wordpress\/wp-content\/uploads\/2017\/11\/BL2\u252c\u00aeanjapaap201706.jpg 1417w\" sizes=\"auto, (max-width: 200px) 100vw, 200px\" \/><\/a><a href=\"http:\/\/www.alia-institut.de\/wordpress\/wp-content\/uploads\/2017\/11\/BL2\u252c\u00aeanjapaap201704-1.jpg\"><img loading=\"lazy\" decoding=\"async\" class=\"alignnone size-medium wp-image-325\" src=\"http:\/\/www.alia-institut.de\/wordpress\/wp-content\/uploads\/2017\/11\/BL2\u252c\u00aeanjapaap201704-1-200x300.jpg\" alt=\"\" width=\"200\" height=\"300\" srcset=\"http:\/\/www.alia-institut.de\/wordpress\/wp-content\/uploads\/2017\/11\/BL2\u252c\u00aeanjapaap201704-1-200x300.jpg 200w, http:\/\/www.alia-institut.de\/wordpress\/wp-content\/uploads\/2017\/11\/BL2\u252c\u00aeanjapaap201704-1-768x1152.jpg 768w, http:\/\/www.alia-institut.de\/wordpress\/wp-content\/uploads\/2017\/11\/BL2\u252c\u00aeanjapaap201704-1-683x1024.jpg 683w, http:\/\/www.alia-institut.de\/wordpress\/wp-content\/uploads\/2017\/11\/BL2\u252c\u00aeanjapaap201704-1-700x1050.jpg 700w, http:\/\/www.alia-institut.de\/wordpress\/wp-content\/uploads\/2017\/11\/BL2\u252c\u00aeanjapaap201704-1-332x498.jpg 332w, http:\/\/www.alia-institut.de\/wordpress\/wp-content\/uploads\/2017\/11\/BL2\u252c\u00aeanjapaap201704-1.jpg 1417w\" sizes=\"auto, (max-width: 200px) 100vw, 200px\" \/><\/a><a href=\"http:\/\/www.alia-institut.de\/wordpress\/wp-content\/uploads\/2017\/11\/BL2\u252c\u00aeanjapaap201708.jpg\"><img loading=\"lazy\" decoding=\"async\" class=\"alignnone size-medium wp-image-329\" src=\"http:\/\/www.alia-institut.de\/wordpress\/wp-content\/uploads\/2017\/11\/BL2\u252c\u00aeanjapaap201708-200x300.jpg\" alt=\"\" width=\"200\" height=\"300\" srcset=\"http:\/\/www.alia-institut.de\/wordpress\/wp-content\/uploads\/2017\/11\/BL2\u252c\u00aeanjapaap201708-200x300.jpg 200w, http:\/\/www.alia-institut.de\/wordpress\/wp-content\/uploads\/2017\/11\/BL2\u252c\u00aeanjapaap201708-768x1152.jpg 768w, http:\/\/www.alia-institut.de\/wordpress\/wp-content\/uploads\/2017\/11\/BL2\u252c\u00aeanjapaap201708-683x1024.jpg 683w, http:\/\/www.alia-institut.de\/wordpress\/wp-content\/uploads\/2017\/11\/BL2\u252c\u00aeanjapaap201708-700x1050.jpg 700w, http:\/\/www.alia-institut.de\/wordpress\/wp-content\/uploads\/2017\/11\/BL2\u252c\u00aeanjapaap201708-332x498.jpg 332w, http:\/\/www.alia-institut.de\/wordpress\/wp-content\/uploads\/2017\/11\/BL2\u252c\u00aeanjapaap201708.jpg 1417w\" sizes=\"auto, (max-width: 200px) 100vw, 200px\" \/><\/a><\/p>\n<h3>Die Stimme ist ein wichtiges Instrument in Beruf und Alltag.<\/h3>\n<p>Was ist das Geheimnis einer wohlklingenden Stimme, der man gerne zuh\u00f6rt ?<br \/>\nKann ich an meiner eigenen Stimme etwas verbessern ?<br \/>\nWelche \u00dcbungen gibt es, damit meine Stimme nicht so schnell erm\u00fcdet und wie halte ich sie gesund und kraftvoll ?<br \/>\nDas Geheimnis ist ein ausgewogenes Verh\u00e4ltnis zwischen Spannung und Entspannung.<br \/>\nWie halte ich mein Publikum wach und aufmerksam ?<\/p>\n<h3>Inhalte meiner Fortbildungen:<\/h3>\n<ul>\n<li style=\"list-style-type: none;\">\n<ul>\n<li>Diagnostik und Beurteilung der eigenen Stimme<\/li>\n<li>Schulung der Eigenwahrnehmung<\/li>\n<li>Aufw\u00e4rm\u00fcbungen f\u00fcr die Stimme<\/li>\n<li>Resonanz und Tragf\u00e4higkeit der Stimme<\/li>\n<li>Sprech- und Stimm\u00fcbungen zur Verbesserung der Stimmqualit\u00e4t<\/li>\n<li>Atemtechnik und Entspannungs\u00fcbungen<\/li>\n<li>Erarbeitung eines selbst ausgew\u00e4hlten Textes oder Liedes<\/li>\n<\/ul>\n<\/li>\n<\/ul>\n<h4>Bettina Lechten. Logop\u00e4din. Stimmbildnerin. Lerntherapeutin.<\/h4>\n","protected":false},"excerpt":{"rendered":"<p>Geben Sie Ihrer Stimme Raum Die Stimme ist ein wichtiges Instrument in Beruf und Alltag. Was ist das Geheimnis einer wohlklingenden Stimme, der man gerne zuh\u00f6rt ? Kann ich an meiner eigenen Stimme etwas verbessern ? Welche \u00dcbungen gibt es, damit meine Stimme nicht so schnell erm\u00fcdet und wie halte &#8230;<\/p>\n","protected":false},"author":1,"featured_media":0,"parent":0,"menu_order":3,"comment_status":"closed","ping_status":"closed","template":"","meta":{"footnotes":""},"class_list":["post-323","page","type-page","status-publish","hentry","column","threecol"],"_links":{"self":[{"href":"http:\/\/www.alia-institut.de\/wordpress\/wp-json\/wp\/v2\/pages\/323","targetHints":{"allow":["GET"]}}],"collection":[{"href":"http:\/\/www.alia-institut.de\/wordpress\/wp-json\/wp\/v2\/pages"}],"about":[{"href":"http:\/\/www.alia-institut.de\/wordpress\/wp-json\/wp\/v2\/types\/page"}],"author":[{"embeddable":true,"href":"http:\/\/www.alia-institut.de\/wordpress\/wp-json\/wp\/v2\/users\/1"}],"replies":[{"embeddable":true,"href":"http:\/\/www.alia-institut.de\/wordpress\/wp-json\/wp\/v2\/comments?post=323"}],"version-history":[{"count":19,"href":"http:\/\/www.alia-institut.de\/wordpress\/wp-json\/wp\/v2\/pages\/323\/revisions"}],"predecessor-version":[{"id":438,"href":"http:\/\/www.alia-institut.de\/wordpress\/wp-json\/wp\/v2\/pages\/323\/revisions\/438"}],"wp:attachment":[{"href":"http:\/\/www.alia-institut.de\/wordpress\/wp-json\/wp\/v2\/media?parent=323"}],"curies":[{"name":"wp","href":"https:\/\/api.w.org\/{rel}","templated":true}]}}