{"id":34,"date":"2015-06-07T14:26:26","date_gmt":"2015-06-07T12:26:26","guid":{"rendered":"http:\/\/www.alia-institut.de\/wordpress\/?page_id=34"},"modified":"2018-05-29T09:20:26","modified_gmt":"2018-05-29T07:20:26","slug":"kontakt","status":"publish","type":"page","link":"http:\/\/www.alia-institut.de\/wordpress\/kontakt\/","title":{"rendered":"Kontakt"},"content":{"rendered":"<h3>Kontakt<\/h3>\n<p>Alia Institut f\u00fcr individuelles Lernen, Flotowstra\u00dfe 23, 22083 Hamburg<br \/>\nTel: 040 419 29 785, Fax: 040 419 29 786, Email: info@alia-institut.de<\/p>\n<p>Leitung und Gesch\u00e4ftsf\u00fchrung: Bettina Lechten, Lerntherapeutin BVL, staatlich anerkannte Logop\u00e4din<\/p>\n<p><!---\n\n\n<h3>Kontaktformular<\/h3>\n\n\n[caldera_form id=\"CF5b08fe8e5082e\"]\n\n---><\/p>\n","protected":false},"excerpt":{"rendered":"<p>Kontakt Alia Institut f\u00fcr individuelles Lernen, Flotowstra\u00dfe 23, 22083 Hamburg Tel: 040 419 29 785, Fax: 040 419 29 786, Email: info@alia-institut.de Leitung und Gesch\u00e4ftsf\u00fchrung: Bettina Lechten, Lerntherapeutin BVL, staatlich anerkannte Logop\u00e4din<\/p>\n","protected":false},"author":1,"featured_media":0,"parent":0,"menu_order":8,"comment_status":"closed","ping_status":"closed","template":"","meta":{"footnotes":""},"class_list":["post-34","page","type-page","status-publish","hentry","column","threecol"],"_links":{"self":[{"href":"http:\/\/www.alia-institut.de\/wordpress\/wp-json\/wp\/v2\/pages\/34","targetHints":{"allow":["GET"]}}],"collection":[{"href":"http:\/\/www.alia-institut.de\/wordpress\/wp-json\/wp\/v2\/pages"}],"about":[{"href":"http:\/\/www.alia-institut.de\/wordpress\/wp-json\/wp\/v2\/types\/page"}],"author":[{"embeddable":true,"href":"http:\/\/www.alia-institut.de\/wordpress\/wp-json\/wp\/v2\/users\/1"}],"replies":[{"embeddable":true,"href":"http:\/\/www.alia-institut.de\/wordpress\/wp-json\/wp\/v2\/comments?post=34"}],"version-history":[{"count":10,"href":"http:\/\/www.alia-institut.de\/wordpress\/wp-json\/wp\/v2\/pages\/34\/revisions"}],"predecessor-version":[{"id":446,"href":"http:\/\/www.alia-institut.de\/wordpress\/wp-json\/wp\/v2\/pages\/34\/revisions\/446"}],"wp:attachment":[{"href":"http:\/\/www.alia-institut.de\/wordpress\/wp-json\/wp\/v2\/media?parent=34"}],"curies":[{"name":"wp","href":"https:\/\/api.w.org\/{rel}","templated":true}]}}