{"id":36,"date":"2015-06-07T14:26:39","date_gmt":"2015-06-07T12:26:39","guid":{"rendered":"http:\/\/www.alia-institut.de\/wordpress\/?page_id=36"},"modified":"2018-05-29T09:19:25","modified_gmt":"2018-05-29T07:19:25","slug":"oeffnungszeiten","status":"publish","type":"page","link":"http:\/\/www.alia-institut.de\/wordpress\/oeffnungszeiten\/","title":{"rendered":"\u00d6ffnungszeiten"},"content":{"rendered":"<h3>\u00d6ffnungszeiten<\/h3>\n<p>Da wir auch au\u00dferhalb des Institutes arbeiten haben wir unregelm\u00e4\u00dfige \u00d6ffnungszeiten.<\/p>\n<p>Bitte vereinbaren Sie telefonisch einen Termin.<\/p>\n<p>Frau Lechten: Tel.: 040 \/ 419 29 788<\/p>\n","protected":false},"excerpt":{"rendered":"<p>\u00d6ffnungszeiten Da wir auch au\u00dferhalb des Institutes arbeiten haben wir unregelm\u00e4\u00dfige \u00d6ffnungszeiten. Bitte vereinbaren Sie telefonisch einen Termin. Frau Lechten: Tel.: 040 \/ 419 29 788<\/p>\n","protected":false},"author":1,"featured_media":0,"parent":0,"menu_order":6,"comment_status":"closed","ping_status":"closed","template":"","meta":{"footnotes":""},"class_list":["post-36","page","type-page","status-publish","hentry","column","threecol"],"_links":{"self":[{"href":"http:\/\/www.alia-institut.de\/wordpress\/wp-json\/wp\/v2\/pages\/36","targetHints":{"allow":["GET"]}}],"collection":[{"href":"http:\/\/www.alia-institut.de\/wordpress\/wp-json\/wp\/v2\/pages"}],"about":[{"href":"http:\/\/www.alia-institut.de\/wordpress\/wp-json\/wp\/v2\/types\/page"}],"author":[{"embeddable":true,"href":"http:\/\/www.alia-institut.de\/wordpress\/wp-json\/wp\/v2\/users\/1"}],"replies":[{"embeddable":true,"href":"http:\/\/www.alia-institut.de\/wordpress\/wp-json\/wp\/v2\/comments?post=36"}],"version-history":[{"count":5,"href":"http:\/\/www.alia-institut.de\/wordpress\/wp-json\/wp\/v2\/pages\/36\/revisions"}],"predecessor-version":[{"id":444,"href":"http:\/\/www.alia-institut.de\/wordpress\/wp-json\/wp\/v2\/pages\/36\/revisions\/444"}],"wp:attachment":[{"href":"http:\/\/www.alia-institut.de\/wordpress\/wp-json\/wp\/v2\/media?parent=36"}],"curies":[{"name":"wp","href":"https:\/\/api.w.org\/{rel}","templated":true}]}}