{"id":40,"date":"2015-06-07T14:27:10","date_gmt":"2015-06-07T12:27:10","guid":{"rendered":"http:\/\/www.alia-institut.de\/wordpress\/?page_id=40"},"modified":"2018-05-29T09:31:22","modified_gmt":"2018-05-29T07:31:22","slug":"bettina-lechten","status":"publish","type":"page","link":"http:\/\/www.alia-institut.de\/wordpress\/ueber-uns\/bettina-lechten\/","title":{"rendered":"Bettina Lechten"},"content":{"rendered":"<p><strong>Bettina Lechten Lerntherapeutin BVL, staatlich anerkannte Logop\u00e4din, Stimmbildnerin<\/strong><\/p>\n<p><a href=\"http:\/\/www.alia-institut.de\/wordpress\/wp-content\/uploads\/2015\/06\/05BL\u00a9anjapaap_WEB.jpg\"><img loading=\"lazy\" decoding=\"async\" class=\"size-medium wp-image-216 alignleft\" src=\"http:\/\/www.alia-institut.de\/wordpress\/wp-content\/uploads\/2015\/06\/05BL\u00a9anjapaap_WEB-300x300.jpg\" alt=\"\" width=\"300\" height=\"300\" srcset=\"http:\/\/www.alia-institut.de\/wordpress\/wp-content\/uploads\/2015\/06\/05BL\u00a9anjapaap_WEB-300x300.jpg 300w, http:\/\/www.alia-institut.de\/wordpress\/wp-content\/uploads\/2015\/06\/05BL\u00a9anjapaap_WEB-150x150.jpg 150w, http:\/\/www.alia-institut.de\/wordpress\/wp-content\/uploads\/2015\/06\/05BL\u00a9anjapaap_WEB-768x768.jpg 768w, http:\/\/www.alia-institut.de\/wordpress\/wp-content\/uploads\/2015\/06\/05BL\u00a9anjapaap_WEB-1024x1024.jpg 1024w, http:\/\/www.alia-institut.de\/wordpress\/wp-content\/uploads\/2015\/06\/05BL\u00a9anjapaap_WEB-700x700.jpg 700w, http:\/\/www.alia-institut.de\/wordpress\/wp-content\/uploads\/2015\/06\/05BL\u00a9anjapaap_WEB-332x332.jpg 332w, http:\/\/www.alia-institut.de\/wordpress\/wp-content\/uploads\/2015\/06\/05BL\u00a9anjapaap_WEB-432x432.jpg 432w, http:\/\/www.alia-institut.de\/wordpress\/wp-content\/uploads\/2015\/06\/05BL\u00a9anjapaap_WEB-268x268.jpg 268w\" sizes=\"auto, (max-width: 300px) 100vw, 300px\" \/><\/a>Auf der Suche nach einem Beruf, in dem ich meine Interessen und F\u00e4higkeiten unterbringen konnte, bin ich 1987 auf die Ausbildung zur Logop\u00e4din gesto\u00dfen. In diesem Beruf kann ich meine Freude am Singen und Sprechen mit dem Kontakt zu Kindern, Jugendlichen und Erwachsenen am Besten verbinden.Meine jahrelange Erfahrung als S\u00e4ngerin in einem Gesangs- Quartett sowie als Amateur- Schauspielerin in diversen Improvisationstheatergruppen tragen in meinem Beruf dazu bei, dass ich ein breites Spektrum anbieten kann. Neben meiner logop\u00e4dischen und lerntherapeutischen Arbeit biete ich Stimmbildung f\u00fcr S\u00e4nger, Schauspieler und andere Interessierte an.<br \/>\nNach Abschluss meiner Ausbildung konnte ich Erfahrungen in unterschiedlichen Bereichen sammeln ( freie Praxis, Reha- Klinik, Therapiezentrum). W\u00e4hrend meiner T\u00e4tigkeit als Logop\u00e4din in eigener Praxis habe ich beobachtet, dass kindliche Sprachentwicklungsst\u00f6rungen h\u00e4ufig zu Schulproblemen ( z.B. Lese- Rechtschreibschw\u00e4chen ) f\u00fchren. Dies hat mich bewogen, berufsbegleitend eine weitere Ausbildung zur Lerntherapeutin zu absolvieren.<br \/>\nRegelm\u00e4\u00dfige Weiterbildungen halten mich auf dem Laufenden und garantieren eine hohe Arbeitsqualit\u00e4t.<\/p>\n<p><strong>Therapieangebot Lerntherapie<br \/>\n<\/strong><br \/>\nFr\u00fcherkennung<br \/>\nBegleitung der Familie und F\u00f6rderung des Kindes im Vorschulalter, falls der<br \/>\nVerdacht einer bevorstehenden Lese- Rechtschreibschw\u00e4che vorliegt.<\/p>\n<p><strong>Diagnostik<br \/>\n<\/strong><br \/>\nErstgespr\u00e4ch, 3 Diagnostikstunden mit dem Kind; Abschlussgespr\u00e4ch<br \/>\nF\u00f6rderung und Therapie<br \/>\nIndividuell abgestimmte Therapie zur F\u00f6rderung von Aufmerksamkeit,<br \/>\nKonzentration und Lernorganisation<br \/>\nSt\u00e4rkung des Selbstvertrauens und damit Verbesserung der Schulleistungen<br \/>\nLese- Rechtschreibtraining<br \/>\nL\u00f6sungsorientierte Beratung f\u00fcr die Familie<\/p>\n<p><strong>Therapieangebot Logop\u00e4die<br \/>\n<\/strong><br \/>\nF\u00fcr Kinder und Jugendliche<br \/>\nSprachentwicklungsverz\u00f6gerungen<br \/>\nArtikulationsst\u00f6rungen<br \/>\nDysgrammatismus<br \/>\nRedeflussst\u00f6rung ( Stottern )<br \/>\nKindliche Stimmst\u00f6rungen<br \/>\nAuditive Wahrnehmungsst\u00f6rungen<\/p>\n<p><strong>F\u00fcr Erwachsene<br \/>\n<\/strong><br \/>\nFunktionelle und organische<br \/>\nStimmst\u00f6rungen, z.B. chronische Heiserkeit, beruflich bedingte Stimmfehl- oder \u00dcberbelastung<br \/>\nAphasien ( Sprachverlust z.B. nach Schlaganfall )<br \/>\nDysarthrophonien ( St\u00f6rung der Sprechatmung und der Artikulation )<\/p>\n","protected":false},"excerpt":{"rendered":"<p>Bettina Lechten Lerntherapeutin BVL, staatlich anerkannte Logop\u00e4din, Stimmbildnerin Auf der Suche nach einem Beruf, in dem ich meine Interessen und F\u00e4higkeiten unterbringen konnte, bin ich 1987 auf die Ausbildung zur Logop\u00e4din gesto\u00dfen. In diesem Beruf kann ich meine Freude am Singen und Sprechen mit dem Kontakt zu Kindern, Jugendlichen und &#8230;<\/p>\n","protected":false},"author":1,"featured_media":0,"parent":38,"menu_order":3,"comment_status":"closed","ping_status":"closed","template":"","meta":{"footnotes":""},"class_list":["post-40","page","type-page","status-publish","hentry","column","threecol"],"_links":{"self":[{"href":"http:\/\/www.alia-institut.de\/wordpress\/wp-json\/wp\/v2\/pages\/40","targetHints":{"allow":["GET"]}}],"collection":[{"href":"http:\/\/www.alia-institut.de\/wordpress\/wp-json\/wp\/v2\/pages"}],"about":[{"href":"http:\/\/www.alia-institut.de\/wordpress\/wp-json\/wp\/v2\/types\/page"}],"author":[{"embeddable":true,"href":"http:\/\/www.alia-institut.de\/wordpress\/wp-json\/wp\/v2\/users\/1"}],"replies":[{"embeddable":true,"href":"http:\/\/www.alia-institut.de\/wordpress\/wp-json\/wp\/v2\/comments?post=40"}],"version-history":[{"count":9,"href":"http:\/\/www.alia-institut.de\/wordpress\/wp-json\/wp\/v2\/pages\/40\/revisions"}],"predecessor-version":[{"id":454,"href":"http:\/\/www.alia-institut.de\/wordpress\/wp-json\/wp\/v2\/pages\/40\/revisions\/454"}],"up":[{"embeddable":true,"href":"http:\/\/www.alia-institut.de\/wordpress\/wp-json\/wp\/v2\/pages\/38"}],"wp:attachment":[{"href":"http:\/\/www.alia-institut.de\/wordpress\/wp-json\/wp\/v2\/media?parent=40"}],"curies":[{"name":"wp","href":"https:\/\/api.w.org\/{rel}","templated":true}]}}