{"id":418,"date":"2018-05-28T08:16:36","date_gmt":"2018-05-28T06:16:36","guid":{"rendered":"http:\/\/www.alia-institut.de\/wordpress\/?page_id=418"},"modified":"2018-05-29T09:22:27","modified_gmt":"2018-05-29T07:22:27","slug":"logopaedie","status":"publish","type":"page","link":"http:\/\/www.alia-institut.de\/wordpress\/logopaedie\/","title":{"rendered":"Logop\u00e4die"},"content":{"rendered":"<h3>Logop\u00e4die und Portrait<\/h3>\n<p><a href=\"http:\/\/www.alia-institut.de\/wordpress\/wp-content\/uploads\/2015\/06\/05BL\u00a9anjapaap_WEB.jpg\"><img loading=\"lazy\" decoding=\"async\" class=\"size-medium wp-image-216 alignnone\" src=\"http:\/\/www.alia-institut.de\/wordpress\/wp-content\/uploads\/2015\/06\/05BL\u00a9anjapaap_WEB-300x300.jpg\" alt=\"\" width=\"300\" height=\"300\" srcset=\"http:\/\/www.alia-institut.de\/wordpress\/wp-content\/uploads\/2015\/06\/05BL\u00a9anjapaap_WEB-300x300.jpg 300w, http:\/\/www.alia-institut.de\/wordpress\/wp-content\/uploads\/2015\/06\/05BL\u00a9anjapaap_WEB-150x150.jpg 150w, http:\/\/www.alia-institut.de\/wordpress\/wp-content\/uploads\/2015\/06\/05BL\u00a9anjapaap_WEB-768x768.jpg 768w, http:\/\/www.alia-institut.de\/wordpress\/wp-content\/uploads\/2015\/06\/05BL\u00a9anjapaap_WEB-1024x1024.jpg 1024w, http:\/\/www.alia-institut.de\/wordpress\/wp-content\/uploads\/2015\/06\/05BL\u00a9anjapaap_WEB-700x700.jpg 700w, http:\/\/www.alia-institut.de\/wordpress\/wp-content\/uploads\/2015\/06\/05BL\u00a9anjapaap_WEB-332x332.jpg 332w, http:\/\/www.alia-institut.de\/wordpress\/wp-content\/uploads\/2015\/06\/05BL\u00a9anjapaap_WEB-432x432.jpg 432w, http:\/\/www.alia-institut.de\/wordpress\/wp-content\/uploads\/2015\/06\/05BL\u00a9anjapaap_WEB-268x268.jpg 268w\" sizes=\"auto, (max-width: 300px) 100vw, 300px\" \/><\/a><\/p>\n<p><strong>Bettina Lechten;<\/strong>\u00a0Lerntherapeutin FIL, BVL<br \/>\nStaatlich anerkannte Logop\u00e4din, Stimmbildung und Sprechtraining; Leitung und Gesch\u00e4ftsf\u00fchrung<\/p>\n<p>Lerntherapie und Logop\u00e4die sind unterschiedliche Disziplinen, sie haben jedoch in vielen Bereichen einen gemeinsamen Therapieansatz.<br \/>\nMeine langj\u00e4hrigen Erfahrungen als Logop\u00e4din erm\u00f6glichen mir einen umfassenden und genauen Blick auf die Bed\u00fcrfnisse meiner Klienten in der Lerntherapie.<\/p>\n<p>Als Logop\u00e4din arbeite ich mit Kindern, Jugendlichen und Erwachsenen.<\/p>\n<p>Meine Schwerpunkte sind<\/p>\n<ul>\n<li>Sprachentwicklungsverz\u00f6gerungen<\/li>\n<li>Artikulationsst\u00f6rungen (z.B. Lispeln, Lautfehlbildungen)<\/li>\n<li>Grammatikunsicherheiten und Sprachverst\u00e4ndnisst\u00f6rungen<\/li>\n<li>Stimmprobleme, z.B. chronische Heiserkeit, Stimmst\u00f6rungen nach OP, Berufsdysphonien<\/li>\n<li>Sprach- Sprechst\u00f6rungen (Aphasien) nach Schlaganfall<\/li>\n<\/ul>\n<p>Als staatlich anerkannte Logop\u00e4din arbeite ich selbstst\u00e4ndig im Alia- Institut, Flotowstr. 23 in Hamburg Barmbek\/Uhlenhorst. Die Behandlungen finden auf Verordnung des Arztes statt und gelten f\u00fcr Kassen- und Privatpatienten.<\/p>\n<p>Integrative Lerntherapie auf \u00e4rztliche Verordnung ist nicht m\u00f6glich, da sie keine Leistung im Heilmittelkatalog darstellt.<\/p>\n","protected":false},"excerpt":{"rendered":"<p>Logop\u00e4die und Portrait Bettina Lechten;\u00a0Lerntherapeutin FIL, BVL Staatlich anerkannte Logop\u00e4din, Stimmbildung und Sprechtraining; Leitung und Gesch\u00e4ftsf\u00fchrung Lerntherapie und Logop\u00e4die sind unterschiedliche Disziplinen, sie haben jedoch in vielen Bereichen einen gemeinsamen Therapieansatz. Meine langj\u00e4hrigen Erfahrungen als Logop\u00e4din erm\u00f6glichen mir einen umfassenden und genauen Blick auf die Bed\u00fcrfnisse meiner Klienten in der &#8230;<\/p>\n","protected":false},"author":1,"featured_media":0,"parent":0,"menu_order":13,"comment_status":"closed","ping_status":"closed","template":"","meta":{"footnotes":""},"class_list":["post-418","page","type-page","status-publish","hentry","column","threecol"],"_links":{"self":[{"href":"http:\/\/www.alia-institut.de\/wordpress\/wp-json\/wp\/v2\/pages\/418","targetHints":{"allow":["GET"]}}],"collection":[{"href":"http:\/\/www.alia-institut.de\/wordpress\/wp-json\/wp\/v2\/pages"}],"about":[{"href":"http:\/\/www.alia-institut.de\/wordpress\/wp-json\/wp\/v2\/types\/page"}],"author":[{"embeddable":true,"href":"http:\/\/www.alia-institut.de\/wordpress\/wp-json\/wp\/v2\/users\/1"}],"replies":[{"embeddable":true,"href":"http:\/\/www.alia-institut.de\/wordpress\/wp-json\/wp\/v2\/comments?post=418"}],"version-history":[{"count":5,"href":"http:\/\/www.alia-institut.de\/wordpress\/wp-json\/wp\/v2\/pages\/418\/revisions"}],"predecessor-version":[{"id":450,"href":"http:\/\/www.alia-institut.de\/wordpress\/wp-json\/wp\/v2\/pages\/418\/revisions\/450"}],"wp:attachment":[{"href":"http:\/\/www.alia-institut.de\/wordpress\/wp-json\/wp\/v2\/media?parent=418"}],"curies":[{"name":"wp","href":"https:\/\/api.w.org\/{rel}","templated":true}]}}