{"id":52,"date":"2015-06-07T14:30:28","date_gmt":"2015-06-07T12:30:28","guid":{"rendered":"http:\/\/www.alia-institut.de\/wordpress\/?page_id=52"},"modified":"2025-02-22T21:25:08","modified_gmt":"2025-02-22T20:25:08","slug":"nachhilfe","status":"publish","type":"page","link":"http:\/\/www.alia-institut.de\/wordpress\/nachhilfe\/","title":{"rendered":"Nachhilfe"},"content":{"rendered":"<h3>Nachhilfe<\/h3>\n<p><a href=\"http:\/\/www.alia-institut.de\/wordpress\/wp-content\/uploads\/2025\/02\/Nachhilfe_AliaInstitut.png\"><img loading=\"lazy\" decoding=\"async\" class=\"size-medium wp-image-476 alignright\" src=\"http:\/\/www.alia-institut.de\/wordpress\/wp-content\/uploads\/2025\/02\/Nachhilfe_AliaInstitut-212x300.png\" alt=\"Info zu Nachhilfe f\u00fcr Mathe und Englisch\" width=\"212\" height=\"300\" srcset=\"http:\/\/www.alia-institut.de\/wordpress\/wp-content\/uploads\/2025\/02\/Nachhilfe_AliaInstitut-212x300.png 212w, http:\/\/www.alia-institut.de\/wordpress\/wp-content\/uploads\/2025\/02\/Nachhilfe_AliaInstitut-768x1088.png 768w, http:\/\/www.alia-institut.de\/wordpress\/wp-content\/uploads\/2025\/02\/Nachhilfe_AliaInstitut-723x1024.png 723w, http:\/\/www.alia-institut.de\/wordpress\/wp-content\/uploads\/2025\/02\/Nachhilfe_AliaInstitut-700x992.png 700w, http:\/\/www.alia-institut.de\/wordpress\/wp-content\/uploads\/2025\/02\/Nachhilfe_AliaInstitut-332x470.png 332w, http:\/\/www.alia-institut.de\/wordpress\/wp-content\/uploads\/2025\/02\/Nachhilfe_AliaInstitut.png 1412w\" sizes=\"auto, (max-width: 212px) 100vw, 212px\" \/><\/a>Das Besondere unserer Nachhilfe ist die individuelle F\u00f6rderung im Einzelsetting oder in Zweiergruppen (Tandem).<br \/>\nIm Unterricht in der Schule muss jeder Sch\u00fcler einer Klasse den gleichen Stoff meistens zur gleichen Zeit und auf die gleiche Weise lernen, unabh\u00e4ngig von seiner individuellen Lage, seinen individuellen M\u00f6glichkeiten, F\u00e4higkeiten und Besonderheiten. Wir widmen dem Sch\u00fcler unsere volle Aufmerksamkeit, um festzustellen, wo er steht und um sein Potential zu ermitteln und es zur Erreichung des Ziels Schul- oder Ausbildungsabschluss zu nutzen.<br \/>\nAuf diesem Wege vermitteln wir Kenntnisse in allen F\u00e4chern und Klassenstufen und f\u00f6rdern die Motivation und Eigeninitiative.<br \/>\nAuch bei der Nachhilfe ist uns ein guter Kontakt mit den Eltern und ggf. mit den Lehrern und Ausbildern wichtig.<\/p>\n","protected":false},"excerpt":{"rendered":"<p>Nachhilfe Das Besondere unserer Nachhilfe ist die individuelle F\u00f6rderung im Einzelsetting oder in Zweiergruppen (Tandem). Im Unterricht in der Schule muss jeder Sch\u00fcler einer Klasse den gleichen Stoff meistens zur gleichen Zeit und auf die gleiche Weise lernen, unabh\u00e4ngig von seiner individuellen Lage, seinen individuellen M\u00f6glichkeiten, F\u00e4higkeiten und Besonderheiten. Wir &#8230;<\/p>\n","protected":false},"author":1,"featured_media":0,"parent":0,"menu_order":4,"comment_status":"closed","ping_status":"closed","template":"","meta":{"footnotes":""},"class_list":["post-52","page","type-page","status-publish","hentry","column","threecol"],"_links":{"self":[{"href":"http:\/\/www.alia-institut.de\/wordpress\/wp-json\/wp\/v2\/pages\/52","targetHints":{"allow":["GET"]}}],"collection":[{"href":"http:\/\/www.alia-institut.de\/wordpress\/wp-json\/wp\/v2\/pages"}],"about":[{"href":"http:\/\/www.alia-institut.de\/wordpress\/wp-json\/wp\/v2\/types\/page"}],"author":[{"embeddable":true,"href":"http:\/\/www.alia-institut.de\/wordpress\/wp-json\/wp\/v2\/users\/1"}],"replies":[{"embeddable":true,"href":"http:\/\/www.alia-institut.de\/wordpress\/wp-json\/wp\/v2\/comments?post=52"}],"version-history":[{"count":6,"href":"http:\/\/www.alia-institut.de\/wordpress\/wp-json\/wp\/v2\/pages\/52\/revisions"}],"predecessor-version":[{"id":478,"href":"http:\/\/www.alia-institut.de\/wordpress\/wp-json\/wp\/v2\/pages\/52\/revisions\/478"}],"wp:attachment":[{"href":"http:\/\/www.alia-institut.de\/wordpress\/wp-json\/wp\/v2\/media?parent=52"}],"curies":[{"name":"wp","href":"https:\/\/api.w.org\/{rel}","templated":true}]}}