{"id":54,"date":"2015-06-07T14:30:37","date_gmt":"2015-06-07T12:30:37","guid":{"rendered":"http:\/\/www.alia-institut.de\/wordpress\/?page_id=54"},"modified":"2018-05-29T09:19:48","modified_gmt":"2018-05-29T07:19:48","slug":"links","status":"publish","type":"page","link":"http:\/\/www.alia-institut.de\/wordpress\/links\/","title":{"rendered":"Links"},"content":{"rendered":"<h3>Links<\/h3>\n<p>Folgende Internetseiten bieten eine F\u00fclle von Informationen zum Thema Lernst\u00f6rungen:<\/p>\n<p>Fachverband f\u00fcr integrative Lerntherapie: <a href=\"http:\/\/www.lerntherapie-fil.de\" target=\"_blank\" rel=\"noopener\">www.lerntherapie-fil.de<\/a><\/p>\n<p>Bundesverband f\u00fcr Legasthenie: <a href=\"http:\/\/www.bvl-legasthenie.de\" target=\"_blank\" rel=\"noopener\">www.bvl-legasthenie.de<\/a><\/p>\n<p>Kreisel e. V.: <a href=\"http:\/\/www.kreiselhh.de\" target=\"_blank\" rel=\"noopener\">www.kreiselhh.de<\/a><\/p>\n<p>Legakids: <a href=\"http:\/\/www.legakids.net\" target=\"_blank\" rel=\"noopener\">www.legakids.net<\/a><\/p>\n<p>Und noch ein interessanter link:<\/p>\n<p>www. buchbinderei-begemann.de<\/p>\n<p>&nbsp;<\/p>\n<p>&nbsp;<\/p>\n<p><!--- &nbsp;\n\nWeitere Links von Unterst\u00fctzern und Kooperationspartnern:\n\n<a href=\"http:\/\/www.gs-winterhude.hamburg.de\" target=\"_blank\">www.gs-winterhude.hamburg.de<\/a>\n\n<a href=\"http:\/\/www.grundschule-hoheluft.de\" target=\"_blank\">www.grundschule-hoheluft.de<\/a>\n\n<a href=\"http:\/\/www.helitranshamburg.com\" target=\"_blank\">www.helitranshamburg.com<\/a>\n\n<a href=\"http:\/\/www.hamburg-freezers.de\" target=\"_blank\">www.hamburg-freezers.de<\/a>\n\n<a href=\"http:\/\/www.bni.de\" target=\"_blank\">www.bni.de<\/a>\n\n<a href=\"http:\/\/www.karografik.de\" target=\"_blank\">www.karografik.de<\/a>\n\n<a href=\"http:\/\/www.netzfrequenz.de\" target=\"_blank\">www.netzfrequenz.de<\/a> ---><\/p>\n<p>Rechtlicher Hinweis: Mit Urteil vom 12. Mai 1998 hat das Landgericht Hamburg entschieden, dass man durch die Ausbringung eines Links die Inhalte der gelinkten Seite ggf. mit zu verantworten hat. Dies kann, so das LG Hamburg, nur dadurch verhindert werden, dass man sich ausdr\u00fccklich von diesen Inhalten distanziert. Die hier angegebenen Links beinhalten unseres Wissens nur legale Inhalte.Das Alia-Institut distanziert sich mich hiermit ausdr\u00fccklich von illegalen Inhalten aller hier verlinkten Seiten und verweist auf die zust\u00e4ndigen System-Administratoren. Wir bitten alle Besucher dieser Site, uns auf Links mit bedenklichen Inhalten aufmerksam zu machen.<\/p>\n","protected":false},"excerpt":{"rendered":"<p>Links Folgende Internetseiten bieten eine F\u00fclle von Informationen zum Thema Lernst\u00f6rungen: Fachverband f\u00fcr integrative Lerntherapie: www.lerntherapie-fil.de Bundesverband f\u00fcr Legasthenie: www.bvl-legasthenie.de Kreisel e. V.: www.kreiselhh.de Legakids: www.legakids.net Und noch ein interessanter link: www. buchbinderei-begemann.de &nbsp; &nbsp; Rechtlicher Hinweis: Mit Urteil vom 12. Mai 1998 hat das Landgericht Hamburg entschieden, dass man &#8230;<\/p>\n","protected":false},"author":1,"featured_media":0,"parent":0,"menu_order":7,"comment_status":"closed","ping_status":"closed","template":"","meta":{"footnotes":""},"class_list":["post-54","page","type-page","status-publish","hentry","column","threecol"],"_links":{"self":[{"href":"http:\/\/www.alia-institut.de\/wordpress\/wp-json\/wp\/v2\/pages\/54","targetHints":{"allow":["GET"]}}],"collection":[{"href":"http:\/\/www.alia-institut.de\/wordpress\/wp-json\/wp\/v2\/pages"}],"about":[{"href":"http:\/\/www.alia-institut.de\/wordpress\/wp-json\/wp\/v2\/types\/page"}],"author":[{"embeddable":true,"href":"http:\/\/www.alia-institut.de\/wordpress\/wp-json\/wp\/v2\/users\/1"}],"replies":[{"embeddable":true,"href":"http:\/\/www.alia-institut.de\/wordpress\/wp-json\/wp\/v2\/comments?post=54"}],"version-history":[{"count":9,"href":"http:\/\/www.alia-institut.de\/wordpress\/wp-json\/wp\/v2\/pages\/54\/revisions"}],"predecessor-version":[{"id":445,"href":"http:\/\/www.alia-institut.de\/wordpress\/wp-json\/wp\/v2\/pages\/54\/revisions\/445"}],"wp:attachment":[{"href":"http:\/\/www.alia-institut.de\/wordpress\/wp-json\/wp\/v2\/media?parent=54"}],"curies":[{"name":"wp","href":"https:\/\/api.w.org\/{rel}","templated":true}]}}